{"id":1804,"date":"2024-04-15T09:40:21","date_gmt":"2024-04-15T07:40:21","guid":{"rendered":"https:\/\/amicalelaiquecasteljaloux.fr\/?page_id=1804"},"modified":"2024-08-13T20:09:47","modified_gmt":"2024-08-13T18:09:47","slug":"atelier-du-rire","status":"publish","type":"page","link":"https:\/\/amicalelaiquecasteljaloux.fr\/?page_id=1804","title":{"rendered":"Yoga ATELIER du Rire : le jeudi ( le 2\u00e9me et 4\u00e9me ) de 14h30 \u00e0 15h30"},"content":{"rendered":"\n<p>Ici, avec Mich\u00e8le, il s&rsquo;agit de se ressourcer en riant autant qu&rsquo;il est possible.<\/p>\n\n\n\n<p>Une m\u00e9thode simple et efficace existe avec le yoga du rire. Le yoga du rire est une suite originale d&rsquo;exercices aux effets imm\u00e9diats.&nbsp;<strong>Il combine le rire avec la respiration de yoga qui apporte plus d&rsquo;oxyg\u00e8ne au corps et au cerveau entra\u00eenant ainsi plus d&rsquo;\u00e9nergie<\/strong>.<\/p>\n\n\n\n<figure class=\"wp-block-image size-large\"><img loading=\"lazy\" decoding=\"async\" width=\"1024\" height=\"768\" src=\"https:\/\/amicalelaiquecasteljaloux.fr\/wp-content\/uploads\/2024\/08\/IMG_3663-1024x768.jpeg\" alt=\"\" class=\"wp-image-1979\" srcset=\"https:\/\/amicalelaiquecasteljaloux.fr\/wp-content\/uploads\/2024\/08\/IMG_3663-1024x768.jpeg 1024w, https:\/\/amicalelaiquecasteljaloux.fr\/wp-content\/uploads\/2024\/08\/IMG_3663-300x225.jpeg 300w, https:\/\/amicalelaiquecasteljaloux.fr\/wp-content\/uploads\/2024\/08\/IMG_3663-768x576.jpeg 768w, https:\/\/amicalelaiquecasteljaloux.fr\/wp-content\/uploads\/2024\/08\/IMG_3663-1536x1152.jpeg 1536w, https:\/\/amicalelaiquecasteljaloux.fr\/wp-content\/uploads\/2024\/08\/IMG_3663-2048x1536.jpeg 2048w\" sizes=\"(max-width: 1024px) 100vw, 1024px\" \/><\/figure>\n\n\n\t\t\t\t\t<div\n\t\t\t\t\t\tclass=\"wp-block-uagb-image-gallery uagb-block-cb2e5af4    \"\n\t\t\t\t\t\tstyle=\"\"\n\t\t\t\t\t>\n\t\t\t\t\t\t\t\t\t\t\t<div class=\"spectra-image-gallery spectra-image-gallery__layout--grid spectra-image-gallery__layout--grid-col-3 spectra-image-gallery__layout--grid-col-tab-3 spectra-image-gallery__layout--grid-col-mob-2\">\n\t\t\t\t\t\t\t\t\t\t\t<div class='spectra-image-gallery__media-wrapper'>\n\t\t\t\t\t\t\t<div class=\"spectra-image-gallery__media spectra-image-gallery__media--grid\">\n\t\t\t\t<img decoding=\"async\" class=\"spectra-image-gallery__media-thumbnail spectra-image-gallery__media-thumbnail--grid\" src=\"https:\/\/amicalelaiquecasteljaloux.fr\/wp-content\/uploads\/2024\/04\/rire1-scaled.jpg\" alt=\"\" loading=\"lazy\" \/>\n\t\t\t\t<div class=\"spectra-image-gallery__media-thumbnail-blurrer\"><\/div>\n\t\t\t\t\t\t\t\t\t\t\t<div class=\"spectra-image-gallery__media-thumbnail-caption-wrapper spectra-image-gallery__media-thumbnail-caption-wrapper--overlay\">\n\t\t\t\t\t\t\t\t\t\t\t<div class=\"spectra-image-gallery__media-thumbnail-caption spectra-image-gallery__media-thumbnail-caption--overlay\">\n\t\t\t\t\tAucune l\u00e9gende\t\t\t\t<\/div>\n\t\t\t\t\t\t\t\t\t\t<\/div>\n\t\t\t\t\t\t\t\t\t<\/div>\n\t\t\t\t\t\t<\/div>\n\t\t\t\t\t\t<div class='spectra-image-gallery__media-wrapper'>\n\t\t\t\t\t\t\t<div class=\"spectra-image-gallery__media spectra-image-gallery__media--grid\">\n\t\t\t\t<img decoding=\"async\" class=\"spectra-image-gallery__media-thumbnail spectra-image-gallery__media-thumbnail--grid\" src=\"https:\/\/amicalelaiquecasteljaloux.fr\/wp-content\/uploads\/2024\/04\/rire2-scaled.jpg\" alt=\"\" loading=\"lazy\" \/>\n\t\t\t\t<div class=\"spectra-image-gallery__media-thumbnail-blurrer\"><\/div>\n\t\t\t\t\t\t\t\t\t\t\t<div class=\"spectra-image-gallery__media-thumbnail-caption-wrapper spectra-image-gallery__media-thumbnail-caption-wrapper--overlay\">\n\t\t\t\t\t\t\t\t\t\t\t<div class=\"spectra-image-gallery__media-thumbnail-caption spectra-image-gallery__media-thumbnail-caption--overlay\">\n\t\t\t\t\tAucune l\u00e9gende\t\t\t\t<\/div>\n\t\t\t\t\t\t\t\t\t\t<\/div>\n\t\t\t\t\t\t\t\t\t<\/div>\n\t\t\t\t\t\t<\/div>\n\t\t\t\t\t\t<div class='spectra-image-gallery__media-wrapper'>\n\t\t\t\t\t\t\t<div class=\"spectra-image-gallery__media spectra-image-gallery__media--grid\">\n\t\t\t\t<img decoding=\"async\" class=\"spectra-image-gallery__media-thumbnail spectra-image-gallery__media-thumbnail--grid\" src=\"https:\/\/amicalelaiquecasteljaloux.fr\/wp-content\/uploads\/2024\/04\/rire3-scaled.jpg\" alt=\"\" loading=\"lazy\" \/>\n\t\t\t\t<div class=\"spectra-image-gallery__media-thumbnail-blurrer\"><\/div>\n\t\t\t\t\t\t\t\t\t\t\t<div class=\"spectra-image-gallery__media-thumbnail-caption-wrapper spectra-image-gallery__media-thumbnail-caption-wrapper--overlay\">\n\t\t\t\t\t\t\t\t\t\t\t<div class=\"spectra-image-gallery__media-thumbnail-caption spectra-image-gallery__media-thumbnail-caption--overlay\">\n\t\t\t\t\tAucune l\u00e9gende\t\t\t\t<\/div>\n\t\t\t\t\t\t\t\t\t\t<\/div>\n\t\t\t\t\t\t\t\t\t<\/div>\n\t\t\t\t\t\t<\/div>\n\t\t\t\t\t\t\t\t\t\t<\/div>\n\t\t\t\t\t\t\t\t\t\t\t\t\t\t\t\t\t\t<\/div>\n\t\t\t\t","protected":false},"excerpt":{"rendered":"<p>Ici, avec Mich\u00e8le, il s&rsquo;agit de se ressourcer en riant autant qu&rsquo;il est possible. Une m\u00e9thode simple et efficace existe avec le yoga du rire. Le yoga du rire est &hellip;<\/p>\n<p class=\"read-more\"> <a class=\"\" href=\"https:\/\/amicalelaiquecasteljaloux.fr\/?page_id=1804\"> <span class=\"screen-reader-text\">Yoga ATELIER du Rire : le jeudi ( le 2\u00e9me et 4\u00e9me ) de 14h30 \u00e0 15h30<\/span> Lire la suite\u00a0\u00bb<\/a><\/p>\n","protected":false},"author":1,"featured_media":0,"parent":0,"menu_order":0,"comment_status":"closed","ping_status":"closed","template":"","meta":{"_uag_custom_page_level_css":"","site-sidebar-layout":"default","site-content-layout":"default","ast-main-header-display":"","ast-hfb-above-header-display":"","ast-hfb-below-header-display":"","ast-hfb-mobile-header-display":"","site-post-title":"","ast-breadcrumbs-content":"","ast-featured-img":"","footer-sml-layout":"","theme-transparent-header-meta":"","adv-header-id-meta":"","stick-header-meta":"","header-above-stick-meta":"","header-main-stick-meta":"","header-below-stick-meta":"","footnotes":""},"uagb_featured_image_src":{"full":false,"thumbnail":false,"medium":false,"medium_large":false,"large":false,"1536x1536":false,"2048x2048":false},"uagb_author_info":{"display_name":"admin5209","author_link":"https:\/\/amicalelaiquecasteljaloux.fr\/?author=1"},"uagb_comment_info":0,"uagb_excerpt":"Ici, avec Mich\u00e8le, il s&rsquo;agit de se ressourcer en riant autant qu&rsquo;il est possible. Une m\u00e9thode simple et efficace existe avec le yoga du rire. Le yoga du rire est &hellip; Yoga ATELIER du Rire : le jeudi ( le 2\u00e9me et 4\u00e9me ) de 14h30 \u00e0 15h30 Lire la suite\u00a0\u00bb","_links":{"self":[{"href":"https:\/\/amicalelaiquecasteljaloux.fr\/index.php?rest_route=\/wp\/v2\/pages\/1804"}],"collection":[{"href":"https:\/\/amicalelaiquecasteljaloux.fr\/index.php?rest_route=\/wp\/v2\/pages"}],"about":[{"href":"https:\/\/amicalelaiquecasteljaloux.fr\/index.php?rest_route=\/wp\/v2\/types\/page"}],"author":[{"embeddable":true,"href":"https:\/\/amicalelaiquecasteljaloux.fr\/index.php?rest_route=\/wp\/v2\/users\/1"}],"replies":[{"embeddable":true,"href":"https:\/\/amicalelaiquecasteljaloux.fr\/index.php?rest_route=%2Fwp%2Fv2%2Fcomments&post=1804"}],"version-history":[{"count":5,"href":"https:\/\/amicalelaiquecasteljaloux.fr\/index.php?rest_route=\/wp\/v2\/pages\/1804\/revisions"}],"predecessor-version":[{"id":2059,"href":"https:\/\/amicalelaiquecasteljaloux.fr\/index.php?rest_route=\/wp\/v2\/pages\/1804\/revisions\/2059"}],"wp:attachment":[{"href":"https:\/\/amicalelaiquecasteljaloux.fr\/index.php?rest_route=%2Fwp%2Fv2%2Fmedia&parent=1804"}],"curies":[{"name":"wp","href":"https:\/\/api.w.org\/{rel}","templated":true}]}}