{"id":260,"date":"2022-01-16T19:20:12","date_gmt":"2022-01-16T18:20:12","guid":{"rendered":"http:\/\/amicalelaiquecasteljaloux.fr\/?page_id=260"},"modified":"2024-08-12T20:31:36","modified_gmt":"2024-08-12T18:31:36","slug":"russe","status":"publish","type":"page","link":"https:\/\/amicalelaiquecasteljaloux.fr\/?page_id=260","title":{"rendered":"RUSSE"},"content":{"rendered":"\n<p>Atelier initiation  Russe et culture slave          Anim\u00e9 par El\u00e9na <br>Horaires\u00a0:  lundi apr\u00e8s midi de 13 heures 30 \u00e0 14 heures 30 suivant disponibilit\u00e9  Salle Amicale 1er \u00e9tage  tous niveaux <\/p>\n\n\n\n<figure class=\"wp-block-image size-full\"><img loading=\"lazy\" decoding=\"async\" width=\"940\" height=\"788\" src=\"https:\/\/amicalelaiquecasteljaloux.fr\/wp-content\/uploads\/2024\/08\/441492528_122128940648248863_4468739076905501350_n.jpg\" alt=\"\" class=\"wp-image-1975\" srcset=\"https:\/\/amicalelaiquecasteljaloux.fr\/wp-content\/uploads\/2024\/08\/441492528_122128940648248863_4468739076905501350_n.jpg 940w, https:\/\/amicalelaiquecasteljaloux.fr\/wp-content\/uploads\/2024\/08\/441492528_122128940648248863_4468739076905501350_n-300x251.jpg 300w, https:\/\/amicalelaiquecasteljaloux.fr\/wp-content\/uploads\/2024\/08\/441492528_122128940648248863_4468739076905501350_n-768x644.jpg 768w\" sizes=\"(max-width: 940px) 100vw, 940px\" \/><\/figure>\n\n\n\n<figure class=\"wp-block-image size-large is-resized\"><img loading=\"lazy\" decoding=\"async\" width=\"461\" height=\"1024\" src=\"https:\/\/amicalelaiquecasteljaloux.fr\/wp-content\/uploads\/2024\/04\/russe1-1-461x1024.jpg\" alt=\"\" class=\"wp-image-1789\" style=\"width:140px;height:auto\" srcset=\"https:\/\/amicalelaiquecasteljaloux.fr\/wp-content\/uploads\/2024\/04\/russe1-1-461x1024.jpg 461w, https:\/\/amicalelaiquecasteljaloux.fr\/wp-content\/uploads\/2024\/04\/russe1-1-135x300.jpg 135w, https:\/\/amicalelaiquecasteljaloux.fr\/wp-content\/uploads\/2024\/04\/russe1-1-768x1707.jpg 768w, https:\/\/amicalelaiquecasteljaloux.fr\/wp-content\/uploads\/2024\/04\/russe1-1-691x1536.jpg 691w, https:\/\/amicalelaiquecasteljaloux.fr\/wp-content\/uploads\/2024\/04\/russe1-1-922x2048.jpg 922w, https:\/\/amicalelaiquecasteljaloux.fr\/wp-content\/uploads\/2024\/04\/russe1-1-scaled.jpg 1152w\" sizes=\"(max-width: 461px) 100vw, 461px\" \/><\/figure>\n","protected":false},"excerpt":{"rendered":"<p>Atelier initiation Russe et culture slave Anim\u00e9 par El\u00e9na Horaires\u00a0: lundi apr\u00e8s midi de 13 heures 30 \u00e0 14 heures 30 suivant disponibilit\u00e9 Salle Amicale 1er \u00e9tage tous niveaux<\/p>\n","protected":false},"author":1,"featured_media":0,"parent":0,"menu_order":0,"comment_status":"closed","ping_status":"closed","template":"","meta":{"_uag_custom_page_level_css":"","site-sidebar-layout":"default","site-content-layout":"default","ast-main-header-display":"","ast-hfb-above-header-display":"","ast-hfb-below-header-display":"","ast-hfb-mobile-header-display":"","site-post-title":"","ast-breadcrumbs-content":"","ast-featured-img":"","footer-sml-layout":"","theme-transparent-header-meta":"","adv-header-id-meta":"","stick-header-meta":"","header-above-stick-meta":"","header-main-stick-meta":"","header-below-stick-meta":"","footnotes":""},"uagb_featured_image_src":{"full":false,"thumbnail":false,"medium":false,"medium_large":false,"large":false,"1536x1536":false,"2048x2048":false},"uagb_author_info":{"display_name":"admin5209","author_link":"https:\/\/amicalelaiquecasteljaloux.fr\/?author=1"},"uagb_comment_info":0,"uagb_excerpt":"Atelier initiation Russe et culture slave Anim\u00e9 par El\u00e9na Horaires\u00a0: lundi apr\u00e8s midi de 13 heures 30 \u00e0 14 heures 30 suivant disponibilit\u00e9 Salle Amicale 1er \u00e9tage tous niveaux","_links":{"self":[{"href":"https:\/\/amicalelaiquecasteljaloux.fr\/index.php?rest_route=\/wp\/v2\/pages\/260"}],"collection":[{"href":"https:\/\/amicalelaiquecasteljaloux.fr\/index.php?rest_route=\/wp\/v2\/pages"}],"about":[{"href":"https:\/\/amicalelaiquecasteljaloux.fr\/index.php?rest_route=\/wp\/v2\/types\/page"}],"author":[{"embeddable":true,"href":"https:\/\/amicalelaiquecasteljaloux.fr\/index.php?rest_route=\/wp\/v2\/users\/1"}],"replies":[{"embeddable":true,"href":"https:\/\/amicalelaiquecasteljaloux.fr\/index.php?rest_route=%2Fwp%2Fv2%2Fcomments&post=260"}],"version-history":[{"count":13,"href":"https:\/\/amicalelaiquecasteljaloux.fr\/index.php?rest_route=\/wp\/v2\/pages\/260\/revisions"}],"predecessor-version":[{"id":1976,"href":"https:\/\/amicalelaiquecasteljaloux.fr\/index.php?rest_route=\/wp\/v2\/pages\/260\/revisions\/1976"}],"wp:attachment":[{"href":"https:\/\/amicalelaiquecasteljaloux.fr\/index.php?rest_route=%2Fwp%2Fv2%2Fmedia&parent=260"}],"curies":[{"name":"wp","href":"https:\/\/api.w.org\/{rel}","templated":true}]}}