{"id":266,"date":"2022-01-16T19:24:34","date_gmt":"2022-01-16T18:24:34","guid":{"rendered":"http:\/\/amicalelaiquecasteljaloux.fr\/?page_id=266"},"modified":"2024-08-12T20:15:41","modified_gmt":"2024-08-12T18:15:41","slug":"couture","status":"publish","type":"page","link":"https:\/\/amicalelaiquecasteljaloux.fr\/?page_id=266","title":{"rendered":"COUTURE"},"content":{"rendered":"\n<p>Atelier Couture et Aiguilles                                                                                                                                                                                        le lundi de 14 heures \u00e0 17 heures salle de l&rsquo;Amicale rdc, tous niveaux <\/p>\n\n\n\n<figure class=\"wp-block-image size-full\"><img loading=\"lazy\" decoding=\"async\" width=\"600\" height=\"450\" src=\"https:\/\/amicalelaiquecasteljaloux.fr\/wp-content\/uploads\/2024\/08\/437852037_122119621502248863_415156728527413961_n.jpg\" alt=\"\" class=\"wp-image-1925\" srcset=\"https:\/\/amicalelaiquecasteljaloux.fr\/wp-content\/uploads\/2024\/08\/437852037_122119621502248863_415156728527413961_n.jpg 600w, https:\/\/amicalelaiquecasteljaloux.fr\/wp-content\/uploads\/2024\/08\/437852037_122119621502248863_415156728527413961_n-300x225.jpg 300w\" sizes=\"(max-width: 600px) 100vw, 600px\" \/><\/figure>\n\n\n\n<figure class=\"wp-block-image size-full\"><img loading=\"lazy\" decoding=\"async\" width=\"600\" height=\"450\" src=\"https:\/\/amicalelaiquecasteljaloux.fr\/wp-content\/uploads\/2024\/08\/438746652_122119621178248863_3975688653511901327_n.jpg\" alt=\"\" class=\"wp-image-1924\" srcset=\"https:\/\/amicalelaiquecasteljaloux.fr\/wp-content\/uploads\/2024\/08\/438746652_122119621178248863_3975688653511901327_n.jpg 600w, https:\/\/amicalelaiquecasteljaloux.fr\/wp-content\/uploads\/2024\/08\/438746652_122119621178248863_3975688653511901327_n-300x225.jpg 300w\" sizes=\"(max-width: 600px) 100vw, 600px\" \/><\/figure>\n\n\n\n<figure class=\"wp-block-image size-full\"><img loading=\"lazy\" decoding=\"async\" width=\"600\" height=\"450\" src=\"https:\/\/amicalelaiquecasteljaloux.fr\/wp-content\/uploads\/2024\/08\/437909357_122119621208248863_5461304118807836275_n.jpg\" alt=\"\" class=\"wp-image-1923\" srcset=\"https:\/\/amicalelaiquecasteljaloux.fr\/wp-content\/uploads\/2024\/08\/437909357_122119621208248863_5461304118807836275_n.jpg 600w, https:\/\/amicalelaiquecasteljaloux.fr\/wp-content\/uploads\/2024\/08\/437909357_122119621208248863_5461304118807836275_n-300x225.jpg 300w\" sizes=\"(max-width: 600px) 100vw, 600px\" \/><\/figure>\n\n\n\n<p>Claudine couturi\u00e8re \u00e9m\u00e9rite dispense son savoir faire aupr\u00e8s de d\u00e9butant ou non dans diff\u00e9rents travaux de couture, cette section regroupe \u00e9galement le tricot et le crochet<br><\/p>\n\n\n\n<figure class=\"wp-block-gallery has-nested-images columns-default is-cropped wp-block-gallery-1 is-layout-flex wp-block-gallery-is-layout-flex\">\n<figure class=\"wp-block-image size-large\"><img loading=\"lazy\" decoding=\"async\" width=\"1024\" height=\"681\" data-id=\"478\" src=\"https:\/\/amicalelaiquecasteljaloux.fr\/wp-content\/uploads\/2022\/02\/IGP1983-1024x681.jpg\" alt=\"\" class=\"wp-image-478\" srcset=\"https:\/\/amicalelaiquecasteljaloux.fr\/wp-content\/uploads\/2022\/02\/IGP1983-1024x681.jpg 1024w, https:\/\/amicalelaiquecasteljaloux.fr\/wp-content\/uploads\/2022\/02\/IGP1983-300x199.jpg 300w, https:\/\/amicalelaiquecasteljaloux.fr\/wp-content\/uploads\/2022\/02\/IGP1983-768x511.jpg 768w, https:\/\/amicalelaiquecasteljaloux.fr\/wp-content\/uploads\/2022\/02\/IGP1983-1536x1021.jpg 1536w, https:\/\/amicalelaiquecasteljaloux.fr\/wp-content\/uploads\/2022\/02\/IGP1983-2048x1362.jpg 2048w\" sizes=\"(max-width: 1024px) 100vw, 1024px\" \/><\/figure>\n\n\n\n<figure class=\"wp-block-image size-large\"><img loading=\"lazy\" decoding=\"async\" width=\"1024\" height=\"681\" data-id=\"481\" src=\"https:\/\/amicalelaiquecasteljaloux.fr\/wp-content\/uploads\/2022\/02\/IGP1984-1024x681.jpg\" alt=\"\" class=\"wp-image-481\" srcset=\"https:\/\/amicalelaiquecasteljaloux.fr\/wp-content\/uploads\/2022\/02\/IGP1984-1024x681.jpg 1024w, https:\/\/amicalelaiquecasteljaloux.fr\/wp-content\/uploads\/2022\/02\/IGP1984-300x199.jpg 300w, https:\/\/amicalelaiquecasteljaloux.fr\/wp-content\/uploads\/2022\/02\/IGP1984-768x511.jpg 768w, https:\/\/amicalelaiquecasteljaloux.fr\/wp-content\/uploads\/2022\/02\/IGP1984-1536x1021.jpg 1536w, https:\/\/amicalelaiquecasteljaloux.fr\/wp-content\/uploads\/2022\/02\/IGP1984-2048x1362.jpg 2048w\" sizes=\"(max-width: 1024px) 100vw, 1024px\" \/><\/figure>\n\n\n\n<figure class=\"wp-block-image size-large\"><img loading=\"lazy\" decoding=\"async\" width=\"1024\" height=\"681\" data-id=\"480\" src=\"https:\/\/amicalelaiquecasteljaloux.fr\/wp-content\/uploads\/2022\/02\/IGP1985-1024x681.jpg\" alt=\"\" class=\"wp-image-480\" srcset=\"https:\/\/amicalelaiquecasteljaloux.fr\/wp-content\/uploads\/2022\/02\/IGP1985-1024x681.jpg 1024w, https:\/\/amicalelaiquecasteljaloux.fr\/wp-content\/uploads\/2022\/02\/IGP1985-300x199.jpg 300w, https:\/\/amicalelaiquecasteljaloux.fr\/wp-content\/uploads\/2022\/02\/IGP1985-768x511.jpg 768w, https:\/\/amicalelaiquecasteljaloux.fr\/wp-content\/uploads\/2022\/02\/IGP1985-1536x1021.jpg 1536w, https:\/\/amicalelaiquecasteljaloux.fr\/wp-content\/uploads\/2022\/02\/IGP1985-2048x1362.jpg 2048w\" sizes=\"(max-width: 1024px) 100vw, 1024px\" \/><\/figure>\n\n\n\n<figure class=\"wp-block-image size-large\"><img loading=\"lazy\" decoding=\"async\" width=\"1024\" height=\"681\" data-id=\"482\" src=\"https:\/\/amicalelaiquecasteljaloux.fr\/wp-content\/uploads\/2022\/02\/IGP1986-1024x681.jpg\" alt=\"\" class=\"wp-image-482\" srcset=\"https:\/\/amicalelaiquecasteljaloux.fr\/wp-content\/uploads\/2022\/02\/IGP1986-1024x681.jpg 1024w, https:\/\/amicalelaiquecasteljaloux.fr\/wp-content\/uploads\/2022\/02\/IGP1986-300x199.jpg 300w, https:\/\/amicalelaiquecasteljaloux.fr\/wp-content\/uploads\/2022\/02\/IGP1986-768x511.jpg 768w, https:\/\/amicalelaiquecasteljaloux.fr\/wp-content\/uploads\/2022\/02\/IGP1986-1536x1021.jpg 1536w, https:\/\/amicalelaiquecasteljaloux.fr\/wp-content\/uploads\/2022\/02\/IGP1986-2048x1362.jpg 2048w\" sizes=\"(max-width: 1024px) 100vw, 1024px\" \/><\/figure>\n\n\n\n<figure class=\"wp-block-image size-large\"><img loading=\"lazy\" decoding=\"async\" width=\"1024\" height=\"681\" data-id=\"479\" src=\"https:\/\/amicalelaiquecasteljaloux.fr\/wp-content\/uploads\/2022\/02\/IGP1987-1024x681.jpg\" alt=\"\" class=\"wp-image-479\" srcset=\"https:\/\/amicalelaiquecasteljaloux.fr\/wp-content\/uploads\/2022\/02\/IGP1987-1024x681.jpg 1024w, https:\/\/amicalelaiquecasteljaloux.fr\/wp-content\/uploads\/2022\/02\/IGP1987-300x199.jpg 300w, https:\/\/amicalelaiquecasteljaloux.fr\/wp-content\/uploads\/2022\/02\/IGP1987-768x511.jpg 768w, https:\/\/amicalelaiquecasteljaloux.fr\/wp-content\/uploads\/2022\/02\/IGP1987-1536x1021.jpg 1536w, https:\/\/amicalelaiquecasteljaloux.fr\/wp-content\/uploads\/2022\/02\/IGP1987-2048x1362.jpg 2048w\" sizes=\"(max-width: 1024px) 100vw, 1024px\" \/><\/figure>\n\n\n\n<figure class=\"wp-block-image size-full\"><img loading=\"lazy\" decoding=\"async\" width=\"600\" height=\"450\" data-id=\"1925\" src=\"https:\/\/amicalelaiquecasteljaloux.fr\/wp-content\/uploads\/2024\/08\/437852037_122119621502248863_415156728527413961_n.jpg\" alt=\"\" class=\"wp-image-1925\" srcset=\"https:\/\/amicalelaiquecasteljaloux.fr\/wp-content\/uploads\/2024\/08\/437852037_122119621502248863_415156728527413961_n.jpg 600w, https:\/\/amicalelaiquecasteljaloux.fr\/wp-content\/uploads\/2024\/08\/437852037_122119621502248863_415156728527413961_n-300x225.jpg 300w\" sizes=\"(max-width: 600px) 100vw, 600px\" \/><\/figure>\n<\/figure>\n\n\n\n<figure class=\"wp-block-image size-large is-resized\"><img loading=\"lazy\" decoding=\"async\" width=\"768\" height=\"1024\" src=\"https:\/\/amicalelaiquecasteljaloux.fr\/wp-content\/uploads\/2022\/03\/20211218_175006-2-768x1024.jpg\" alt=\"\" class=\"wp-image-1190\" style=\"width:239px;height:319px\" srcset=\"https:\/\/amicalelaiquecasteljaloux.fr\/wp-content\/uploads\/2022\/03\/20211218_175006-2-768x1024.jpg 768w, https:\/\/amicalelaiquecasteljaloux.fr\/wp-content\/uploads\/2022\/03\/20211218_175006-2-225x300.jpg 225w, https:\/\/amicalelaiquecasteljaloux.fr\/wp-content\/uploads\/2022\/03\/20211218_175006-2-1152x1536.jpg 1152w, https:\/\/amicalelaiquecasteljaloux.fr\/wp-content\/uploads\/2022\/03\/20211218_175006-2-1536x2048.jpg 1536w, https:\/\/amicalelaiquecasteljaloux.fr\/wp-content\/uploads\/2022\/03\/20211218_175006-2-scaled.jpg 1920w\" sizes=\"(max-width: 768px) 100vw, 768px\" \/><\/figure>\n","protected":false},"excerpt":{"rendered":"<p>Atelier Couture et Aiguilles le lundi de 14 heures \u00e0 17 heures salle de l&rsquo;Amicale rdc, tous niveaux Claudine couturi\u00e8re \u00e9m\u00e9rite dispense son savoir faire aupr\u00e8s de d\u00e9butant ou non &hellip;<\/p>\n<p class=\"read-more\"> <a class=\"\" href=\"https:\/\/amicalelaiquecasteljaloux.fr\/?page_id=266\"> <span class=\"screen-reader-text\">COUTURE<\/span> Lire la suite\u00a0\u00bb<\/a><\/p>\n","protected":false},"author":1,"featured_media":269,"parent":0,"menu_order":0,"comment_status":"closed","ping_status":"closed","template":"","meta":{"_uag_custom_page_level_css":"","site-sidebar-layout":"default","site-content-layout":"default","ast-main-header-display":"","ast-hfb-above-header-display":"","ast-hfb-below-header-display":"","ast-hfb-mobile-header-display":"","site-post-title":"","ast-breadcrumbs-content":"","ast-featured-img":"","footer-sml-layout":"","theme-transparent-header-meta":"","adv-header-id-meta":"","stick-header-meta":"","header-above-stick-meta":"","header-main-stick-meta":"","header-below-stick-meta":"","footnotes":""},"uagb_featured_image_src":{"full":["https:\/\/amicalelaiquecasteljaloux.fr\/wp-content\/uploads\/2022\/01\/couture-e1644138906110.png",800,450,false],"thumbnail":["https:\/\/amicalelaiquecasteljaloux.fr\/wp-content\/uploads\/2022\/01\/couture-150x150.png",150,150,true],"medium":["https:\/\/amicalelaiquecasteljaloux.fr\/wp-content\/uploads\/2022\/01\/couture-300x169.png",300,169,true],"medium_large":["https:\/\/amicalelaiquecasteljaloux.fr\/wp-content\/uploads\/2022\/01\/couture-768x432.png",768,432,true],"large":["https:\/\/amicalelaiquecasteljaloux.fr\/wp-content\/uploads\/2022\/01\/couture-1024x576.png",1024,576,true],"1536x1536":["https:\/\/amicalelaiquecasteljaloux.fr\/wp-content\/uploads\/2022\/01\/couture-e1644138906110.png",800,450,false],"2048x2048":["https:\/\/amicalelaiquecasteljaloux.fr\/wp-content\/uploads\/2022\/01\/couture-e1644138906110.png",800,450,false]},"uagb_author_info":{"display_name":"admin5209","author_link":"https:\/\/amicalelaiquecasteljaloux.fr\/?author=1"},"uagb_comment_info":0,"uagb_excerpt":"Atelier Couture et Aiguilles le lundi de 14 heures \u00e0 17 heures salle de l&rsquo;Amicale rdc, tous niveaux Claudine couturi\u00e8re \u00e9m\u00e9rite dispense son savoir faire aupr\u00e8s de d\u00e9butant ou non &hellip; COUTURE Lire la suite\u00a0\u00bb","_links":{"self":[{"href":"https:\/\/amicalelaiquecasteljaloux.fr\/index.php?rest_route=\/wp\/v2\/pages\/266"}],"collection":[{"href":"https:\/\/amicalelaiquecasteljaloux.fr\/index.php?rest_route=\/wp\/v2\/pages"}],"about":[{"href":"https:\/\/amicalelaiquecasteljaloux.fr\/index.php?rest_route=\/wp\/v2\/types\/page"}],"author":[{"embeddable":true,"href":"https:\/\/amicalelaiquecasteljaloux.fr\/index.php?rest_route=\/wp\/v2\/users\/1"}],"replies":[{"embeddable":true,"href":"https:\/\/amicalelaiquecasteljaloux.fr\/index.php?rest_route=%2Fwp%2Fv2%2Fcomments&post=266"}],"version-history":[{"count":13,"href":"https:\/\/amicalelaiquecasteljaloux.fr\/index.php?rest_route=\/wp\/v2\/pages\/266\/revisions"}],"predecessor-version":[{"id":1965,"href":"https:\/\/amicalelaiquecasteljaloux.fr\/index.php?rest_route=\/wp\/v2\/pages\/266\/revisions\/1965"}],"wp:featuredmedia":[{"embeddable":true,"href":"https:\/\/amicalelaiquecasteljaloux.fr\/index.php?rest_route=\/wp\/v2\/media\/269"}],"wp:attachment":[{"href":"https:\/\/amicalelaiquecasteljaloux.fr\/index.php?rest_route=%2Fwp%2Fv2%2Fmedia&parent=266"}],"curies":[{"name":"wp","href":"https:\/\/api.w.org\/{rel}","templated":true}]}}