{"id":273,"date":"2022-01-16T21:32:20","date_gmt":"2022-01-16T20:32:20","guid":{"rendered":"http:\/\/amicalelaiquecasteljaloux.fr\/?page_id=273"},"modified":"2024-08-12T20:02:46","modified_gmt":"2024-08-12T18:02:46","slug":"informatique-2","status":"publish","type":"page","link":"https:\/\/amicalelaiquecasteljaloux.fr\/?page_id=273","title":{"rendered":"INFORMATIQUE avec Marie et Nathalie"},"content":{"rendered":"\n<p>Atelier informatique,  Ateliers num\u00e9riques et aide num\u00e9rique  <br><em><strong>Cours informatiques <\/strong><\/em> tous niveaux                                                                                                                                                                                                                               <strong><em>Des conseils pour se familiariser avec les nouvelles technologies et communiquer autrement avec ses proches.  Nouvelles technologies , Lancez-vous \u00e0 la d\u00e9couverte d\u2019internet et de la tablette en suivant les @teliers num\u00e9riques.<\/em><\/strong><br><strong>Les horaires: le mardi de 8h30 \u00e0 10h et le mardi apr\u00e8s midi de 14h \u00e0 15h<\/strong> sur rdv,  individuellement ou par petit groupe sur inscription<br><\/p>\n\n\n\n<p><\/p>\n\n\n\n<ul><\/ul>\n\n\n\n<figure class=\"wp-block-gallery has-nested-images columns-default is-cropped wp-block-gallery-1 is-layout-flex wp-block-gallery-is-layout-flex\">\n<figure class=\"wp-block-image size-large\"><img loading=\"lazy\" decoding=\"async\" width=\"768\" height=\"1024\" data-id=\"912\" src=\"https:\/\/amicalelaiquecasteljaloux.fr\/wp-content\/uploads\/2022\/02\/20220222_084934-768x1024.jpg\" alt=\"\" class=\"wp-image-912\" srcset=\"https:\/\/amicalelaiquecasteljaloux.fr\/wp-content\/uploads\/2022\/02\/20220222_084934-768x1024.jpg 768w, https:\/\/amicalelaiquecasteljaloux.fr\/wp-content\/uploads\/2022\/02\/20220222_084934-225x300.jpg 225w, https:\/\/amicalelaiquecasteljaloux.fr\/wp-content\/uploads\/2022\/02\/20220222_084934-1152x1536.jpg 1152w, https:\/\/amicalelaiquecasteljaloux.fr\/wp-content\/uploads\/2022\/02\/20220222_084934-1536x2048.jpg 1536w, https:\/\/amicalelaiquecasteljaloux.fr\/wp-content\/uploads\/2022\/02\/20220222_084934-scaled.jpg 1920w\" sizes=\"(max-width: 768px) 100vw, 768px\" \/><\/figure>\n\n\n\n<figure class=\"wp-block-image size-large\"><img loading=\"lazy\" decoding=\"async\" width=\"1024\" height=\"461\" data-id=\"1776\" src=\"https:\/\/amicalelaiquecasteljaloux.fr\/wp-content\/uploads\/2024\/04\/informatique01-1024x461.jpg\" alt=\"\" class=\"wp-image-1776\" srcset=\"https:\/\/amicalelaiquecasteljaloux.fr\/wp-content\/uploads\/2024\/04\/informatique01-1024x461.jpg 1024w, https:\/\/amicalelaiquecasteljaloux.fr\/wp-content\/uploads\/2024\/04\/informatique01-300x135.jpg 300w, https:\/\/amicalelaiquecasteljaloux.fr\/wp-content\/uploads\/2024\/04\/informatique01-768x346.jpg 768w, https:\/\/amicalelaiquecasteljaloux.fr\/wp-content\/uploads\/2024\/04\/informatique01-1536x691.jpg 1536w, https:\/\/amicalelaiquecasteljaloux.fr\/wp-content\/uploads\/2024\/04\/informatique01-2048x922.jpg 2048w\" sizes=\"(max-width: 1024px) 100vw, 1024px\" \/><\/figure>\n\n\n\n<figure class=\"wp-block-image size-large\"><img loading=\"lazy\" decoding=\"async\" width=\"1024\" height=\"461\" data-id=\"1777\" src=\"https:\/\/amicalelaiquecasteljaloux.fr\/wp-content\/uploads\/2024\/04\/informatique02-1024x461.jpg\" alt=\"\" class=\"wp-image-1777\" srcset=\"https:\/\/amicalelaiquecasteljaloux.fr\/wp-content\/uploads\/2024\/04\/informatique02-1024x461.jpg 1024w, https:\/\/amicalelaiquecasteljaloux.fr\/wp-content\/uploads\/2024\/04\/informatique02-300x135.jpg 300w, https:\/\/amicalelaiquecasteljaloux.fr\/wp-content\/uploads\/2024\/04\/informatique02-768x346.jpg 768w, https:\/\/amicalelaiquecasteljaloux.fr\/wp-content\/uploads\/2024\/04\/informatique02-1536x691.jpg 1536w, https:\/\/amicalelaiquecasteljaloux.fr\/wp-content\/uploads\/2024\/04\/informatique02-2048x922.jpg 2048w\" sizes=\"(max-width: 1024px) 100vw, 1024px\" \/><\/figure>\n\n\n\n<figure class=\"wp-block-image size-large\"><img loading=\"lazy\" decoding=\"async\" width=\"1024\" height=\"768\" data-id=\"911\" src=\"https:\/\/amicalelaiquecasteljaloux.fr\/wp-content\/uploads\/2022\/02\/20220222_140427-1024x768.jpg\" alt=\"\" class=\"wp-image-911\" srcset=\"https:\/\/amicalelaiquecasteljaloux.fr\/wp-content\/uploads\/2022\/02\/20220222_140427-1024x768.jpg 1024w, https:\/\/amicalelaiquecasteljaloux.fr\/wp-content\/uploads\/2022\/02\/20220222_140427-300x225.jpg 300w, https:\/\/amicalelaiquecasteljaloux.fr\/wp-content\/uploads\/2022\/02\/20220222_140427-768x576.jpg 768w, https:\/\/amicalelaiquecasteljaloux.fr\/wp-content\/uploads\/2022\/02\/20220222_140427-1536x1152.jpg 1536w, https:\/\/amicalelaiquecasteljaloux.fr\/wp-content\/uploads\/2022\/02\/20220222_140427-2048x1536.jpg 2048w\" sizes=\"(max-width: 1024px) 100vw, 1024px\" \/><\/figure>\n\n\n\n<figure class=\"wp-block-image size-large\"><img loading=\"lazy\" decoding=\"async\" width=\"1024\" height=\"768\" data-id=\"908\" src=\"https:\/\/amicalelaiquecasteljaloux.fr\/wp-content\/uploads\/2022\/02\/20220222_140439-1024x768.jpg\" alt=\"\" class=\"wp-image-908\" srcset=\"https:\/\/amicalelaiquecasteljaloux.fr\/wp-content\/uploads\/2022\/02\/20220222_140439-1024x768.jpg 1024w, https:\/\/amicalelaiquecasteljaloux.fr\/wp-content\/uploads\/2022\/02\/20220222_140439-300x225.jpg 300w, https:\/\/amicalelaiquecasteljaloux.fr\/wp-content\/uploads\/2022\/02\/20220222_140439-768x576.jpg 768w, https:\/\/amicalelaiquecasteljaloux.fr\/wp-content\/uploads\/2022\/02\/20220222_140439-1536x1152.jpg 1536w, https:\/\/amicalelaiquecasteljaloux.fr\/wp-content\/uploads\/2022\/02\/20220222_140439-2048x1536.jpg 2048w\" sizes=\"(max-width: 1024px) 100vw, 1024px\" \/><\/figure>\n<\/figure>\n","protected":false},"excerpt":{"rendered":"<p>Atelier informatique, Ateliers num\u00e9riques et aide num\u00e9rique Cours informatiques tous niveaux Des conseils pour se familiariser avec les nouvelles technologies et communiquer autrement avec ses proches. Nouvelles technologies , Lancez-vous &hellip;<\/p>\n<p class=\"read-more\"> <a class=\"\" href=\"https:\/\/amicalelaiquecasteljaloux.fr\/?page_id=273\"> <span class=\"screen-reader-text\">INFORMATIQUE avec Marie et Nathalie<\/span> Lire la suite\u00a0\u00bb<\/a><\/p>\n","protected":false},"author":1,"featured_media":274,"parent":0,"menu_order":0,"comment_status":"closed","ping_status":"closed","template":"","meta":{"_uag_custom_page_level_css":"","site-sidebar-layout":"default","site-content-layout":"default","ast-main-header-display":"","ast-hfb-above-header-display":"","ast-hfb-below-header-display":"","ast-hfb-mobile-header-display":"","site-post-title":"","ast-breadcrumbs-content":"","ast-featured-img":"","footer-sml-layout":"","theme-transparent-header-meta":"","adv-header-id-meta":"","stick-header-meta":"","header-above-stick-meta":"","header-main-stick-meta":"","header-below-stick-meta":"","footnotes":""},"uagb_featured_image_src":{"full":["https:\/\/amicalelaiquecasteljaloux.fr\/wp-content\/uploads\/2022\/01\/informatique.png",640,480,false],"thumbnail":["https:\/\/amicalelaiquecasteljaloux.fr\/wp-content\/uploads\/2022\/01\/informatique-150x150.png",150,150,true],"medium":["https:\/\/amicalelaiquecasteljaloux.fr\/wp-content\/uploads\/2022\/01\/informatique-300x225.png",300,225,true],"medium_large":["https:\/\/amicalelaiquecasteljaloux.fr\/wp-content\/uploads\/2022\/01\/informatique.png",640,480,false],"large":["https:\/\/amicalelaiquecasteljaloux.fr\/wp-content\/uploads\/2022\/01\/informatique.png",640,480,false],"1536x1536":["https:\/\/amicalelaiquecasteljaloux.fr\/wp-content\/uploads\/2022\/01\/informatique.png",640,480,false],"2048x2048":["https:\/\/amicalelaiquecasteljaloux.fr\/wp-content\/uploads\/2022\/01\/informatique.png",640,480,false]},"uagb_author_info":{"display_name":"admin5209","author_link":"https:\/\/amicalelaiquecasteljaloux.fr\/?author=1"},"uagb_comment_info":0,"uagb_excerpt":"Atelier informatique, Ateliers num\u00e9riques et aide num\u00e9rique Cours informatiques tous niveaux Des conseils pour se familiariser avec les nouvelles technologies et communiquer autrement avec ses proches. Nouvelles technologies , Lancez-vous &hellip; INFORMATIQUE avec Marie et Nathalie Lire la suite\u00a0\u00bb","_links":{"self":[{"href":"https:\/\/amicalelaiquecasteljaloux.fr\/index.php?rest_route=\/wp\/v2\/pages\/273"}],"collection":[{"href":"https:\/\/amicalelaiquecasteljaloux.fr\/index.php?rest_route=\/wp\/v2\/pages"}],"about":[{"href":"https:\/\/amicalelaiquecasteljaloux.fr\/index.php?rest_route=\/wp\/v2\/types\/page"}],"author":[{"embeddable":true,"href":"https:\/\/amicalelaiquecasteljaloux.fr\/index.php?rest_route=\/wp\/v2\/users\/1"}],"replies":[{"embeddable":true,"href":"https:\/\/amicalelaiquecasteljaloux.fr\/index.php?rest_route=%2Fwp%2Fv2%2Fcomments&post=273"}],"version-history":[{"count":12,"href":"https:\/\/amicalelaiquecasteljaloux.fr\/index.php?rest_route=\/wp\/v2\/pages\/273\/revisions"}],"predecessor-version":[{"id":1956,"href":"https:\/\/amicalelaiquecasteljaloux.fr\/index.php?rest_route=\/wp\/v2\/pages\/273\/revisions\/1956"}],"wp:featuredmedia":[{"embeddable":true,"href":"https:\/\/amicalelaiquecasteljaloux.fr\/index.php?rest_route=\/wp\/v2\/media\/274"}],"wp:attachment":[{"href":"https:\/\/amicalelaiquecasteljaloux.fr\/index.php?rest_route=%2Fwp%2Fv2%2Fmedia&parent=273"}],"curies":[{"name":"wp","href":"https:\/\/api.w.org\/{rel}","templated":true}]}}