{"id":431,"date":"2022-02-05T13:55:18","date_gmt":"2022-02-05T12:55:18","guid":{"rendered":"https:\/\/amicalelaiquecasteljaloux.fr\/?page_id=431"},"modified":"2024-09-23T09:25:50","modified_gmt":"2024-09-23T07:25:50","slug":"les-activites","status":"publish","type":"page","link":"https:\/\/amicalelaiquecasteljaloux.fr\/?page_id=431","title":{"rendered":"Nos Activit\u00e9s"},"content":{"rendered":"\n<h3 class=\"wp-block-heading\" id=\"les-activites\">Rejoignez-nous !       1ere s\u00e9ance sans engagement<\/h3>\n\n\n\n<div class=\"wp-block-columns is-layout-flex wp-container-core-columns-layout-1 wp-block-columns-is-layout-flex\">\n<div class=\"wp-block-column is-layout-flow wp-block-column-is-layout-flow\" style=\"flex-basis:100%\">\n<figure class=\"wp-block-table\"><table><tbody><tr><td>Sections <br><\/td><td><\/td><td>Animatrices &amp; Animateurs \ud83d\ude0e           <\/td><td class=\"has-text-align-center\" data-align=\"center\">Quand ?\ud83d\udcc6<\/td><td class=\"has-text-align-center\" data-align=\"center\">Lieu  &amp; Date de reprise\ud83c\udfe0<\/td><\/tr><tr><td><a href=\"https:\/\/amicalelaiquecasteljaloux.fr\/?page_id=447\" data-type=\"page\" data-id=\"447\">Anglais<\/a><\/td><td><\/td><td><br><br>Nadine&nbsp;: d\u00e9butants et interm\u00e9diaires<br>Sarah&nbsp;: interm\u00e9diaires <br>Sarah&nbsp;: confirm\u00e9s<br>Bernard&nbsp;: conversation<br><\/td><td class=\"has-text-align-center\" data-align=\"center\"><br>lundi de 14h30-15h30<br><br>lundi de 15h30-16h30<br>lundi de 16h30-17h30<br><br><br> mardi de 18h00-19h00<\/td><td class=\"has-text-align-center\" data-align=\"center\"> salle de l\u2019Amicale (1\u1d49\u02b3 )  <br> REPRISE LE 07 OCTOBRE 2024<br><br><br><\/td><\/tr><tr><td>Espagnol<\/td><td><\/td><td>No\u00e9lia<\/td><td class=\"has-text-align-center\" data-align=\"center\">vendredi de 13h30-15h et\/ou 15h00 \u00e0 16 heures <br>suivant niveau<\/td><td class=\"has-text-align-center\" data-align=\"center\">salle de l\u2019Amicale (1\u1d49\u02b3 )  <br>REPRISE LE 06 SEPTEMBRE 2024<\/td><\/tr><tr><td><a href=\"https:\/\/amicalelaiquecasteljaloux.fr\/?page_id=286\" data-type=\"page\" data-id=\"286\">Arts cr\u00e9atifs<\/a><br>Ateliers <br>Dessin Peinture<br>Cartonnage<\/td><td><\/td><td>Joelle<br>Sylvie<\/td><td class=\"has-text-align-center\" data-align=\"center\"><br>vendredi de 14h-17h<\/td><td class=\"has-text-align-center\" data-align=\"center\">salle de l\u2019Amicale (rdc)<br>REPRISE LE 06 SEPTEMBRE 2024  Ateliers<br>Pas d&rsquo;arr\u00eat pour section Peinture &amp; Dessin<\/td><\/tr><tr><td><a href=\"https:\/\/amicalelaiquecasteljaloux.fr\/?page_id=491\" data-type=\"page\" data-id=\"491\">Badminton<\/a><\/td><td><\/td><td>Delphine<\/td><td class=\"has-text-align-center\" data-align=\"center\">mardi de 20h00 \u00e0 23h00<\/td><td class=\"has-text-align-center\" data-align=\"center\">Salle Anne Lemoine <br>Pas d&rsquo;arr\u00eat<br>Tous niveaux \u2013 Jeunes \u00e0 partir de 12 ans<\/td><\/tr><tr><td><a href=\"https:\/\/amicalelaiquecasteljaloux.fr\/?page_id=266\" data-type=\"page\" data-id=\"266\">Couture<\/a> et travaux aiguilles <\/td><td><\/td><td>Catherine<\/td><td class=\"has-text-align-center\" data-align=\"center\">lundi de 14h-17h<\/td><td class=\"has-text-align-center\" data-align=\"center\">salle de l\u2019Amicale (rdc)<br>Pas d&rsquo;arr\u00eat<\/td><\/tr><tr><td><a href=\"https:\/\/amicalelaiquecasteljaloux.fr\/?page_id=1634\" data-type=\"page\" data-id=\"1634\">Cuisine<\/a><\/td><td><\/td><td>Catherine &amp; Raymonde<\/td><td class=\"has-text-align-center\" data-align=\"center\">samedi de 09 h \u00e0 15 heures<br>toutes les 2 semaines <br><\/td><td class=\"has-text-align-center\" data-align=\"center\">Foyer de l&rsquo;Automne                                                                    sur r\u00e9servation                                                               Prochaines dates :<br>24 08-21 09-05 10-19 10-02 11-16 11- 14 12<\/td><\/tr><tr><td> <a href=\"https:\/\/amicalelaiquecasteljaloux.fr\/?page_id=733\" data-type=\"page\" data-id=\"733\">Danses de salon Atelier de pratique <\/a> <\/td><td><\/td><td>Florence<\/td><td class=\"has-text-align-center\" data-align=\"center\">vendredi tous les 15 jours<br>20h30 \u00e0 23h30<\/td><td class=\"has-text-align-center\" data-align=\"center\">salle de l\u2019Amicale (1\u1d49\u02b3 )                                                         REPRISE LE 13 SEPTEMBRE 2024<\/td><\/tr><tr><td><a href=\"https:\/\/amicalelaiquecasteljaloux.fr\/?page_id=1758\" data-type=\"page\" data-id=\"1758\">G\u00e9n\u00e9alogie<\/a><\/td><td><\/td><td>Jo\u00eblle<\/td><td class=\"has-text-align-center\" data-align=\"center\">mardi de 14h \u00e0 16h30 <br>sur rendez-vous <\/td><td class=\"has-text-align-center\" data-align=\"center\">salle de l\u2019Amicale (rdc)                                                    REPRISE LE 03 SEPTEMBRE 2024<\/td><\/tr><tr><td><a href=\"https:\/\/amicalelaiquecasteljaloux.fr\/?page_id=273\" data-type=\"page\" data-id=\"273\">Informatique<\/a><br>Ateliers num\u00e9riques<br>Assistance<\/td><td><\/td><td>Marie <br><br>Nathalie<\/td><td class=\"has-text-align-center\" data-align=\"center\"><br><br>mardi  de 8h 30 \u00e0 10h <br><br>mardi  14h \u00e0 15h <br>\u00e0 la demande ( individualis\u00e9 ) ou sur inscription ( atelier)<\/td><td class=\"has-text-align-center\" data-align=\"center\">salle de l\u2019Amicale (rdc)      <br>  REPRISE LE 10 SEPTEMBRE 2024<\/td><\/tr><tr><td><a href=\"https:\/\/amicalelaiquecasteljaloux.fr\/?page_id=737\" data-type=\"page\" data-id=\"737\">Jeux de Soci\u00e9t\u00e9&nbsp;<\/a><\/td><td><\/td><td>Monique<\/td><td class=\"has-text-align-center\" data-align=\"center\">jeudi de 14 h \u00e0 17 h<\/td><td class=\"has-text-align-center\" data-align=\"center\">salle de l\u2019Amicale (rdc)<br>Pas d&rsquo;arr\u00eat<\/td><\/tr><tr><td><a href=\"https:\/\/amicalelaiquecasteljaloux.fr\/?page_id=527\" data-type=\"page\" data-id=\"527\">Patchwork<\/a><\/td><td><\/td><td>Lilou<\/td><td class=\"has-text-align-center\" data-align=\"center\">mercredi de 14h \u00e0 17h<\/td><td class=\"has-text-align-center\" data-align=\"center\">salle de l\u2019Amicale (rdc)                                                             REPRISE DEBUT SEPTEMBRE 2024<\/td><\/tr><tr><td><a href=\"https:\/\/amicalelaiquecasteljaloux.fr\/?page_id=260\" data-type=\"page\" data-id=\"260\">Russe<\/a><\/td><td><\/td><td>El\u00e9na<\/td><td class=\"has-text-align-center\" data-align=\"center\">lundi 13h 30 \u00e0 14h 30<br>suivant disponibilit\u00e9 <\/td><td class=\"has-text-align-center\" data-align=\"center\">salle de l\u2019Amicale (1\u1d49\u02b3)                                                               REPRISE LE 07 OCTOBRE 2024<\/td><\/tr><tr><td>Syllabe alphab\u00e9tisation<br>Soutien maths Fran\u00e7ais<\/td><td><\/td><td>Patricia<br>Martine<\/td><td class=\"has-text-align-center\" data-align=\"center\">mercredi \/ jeudi <br>horaires \u00e0 d\u00e9finir<\/td><td class=\"has-text-align-center\" data-align=\"center\">salle de l\u2019Amicale (1\u1d49\u02b3 )<br>Pas d&rsquo;arr\u00eat<\/td><\/tr><tr><td><a href=\"https:\/\/amicalelaiquecasteljaloux.fr\/?page_id=1616\" data-type=\"page\" data-id=\"1616\">Th\u00e9\u00e2tre<\/a><\/td><td><\/td><td>David<\/td><td class=\"has-text-align-center\" data-align=\"center\">Vendredi de 18h \u00e0 20h<\/td><td class=\"has-text-align-center\" data-align=\"center\">salle de l\u2019Amicale (1\u1d49\u02b3 )                                                              REPRISE LE 13 SEPTEMBRE 2024<\/td><\/tr><tr><td>Tennis de table<\/td><td><\/td><td>Anthony<\/td><td class=\"has-text-align-center\" data-align=\"center\">mardi et jeudi <br>de 18h30 \u00e0 20h00<\/td><td class=\"has-text-align-center\" data-align=\"center\"><br>salle de sport du Coll\u00e8ge rue des Cordeliers                                                     REPRISE LE 10 SEPTEMBRE 2024<br>TOUS NIVEAUX<br><br><\/td><\/tr><tr><td><a href=\"https:\/\/amicalelaiquecasteljaloux.fr\/?page_id=727\" data-type=\"page\" data-id=\"727\">Yoga<\/a><\/td><td><\/td><td>Catherine et Fran\u00e7oise<\/td><td class=\"has-text-align-center\" data-align=\"center\">lundi matin  de 9h30 10h45 et\/ou Mercredi 18 heures<\/td><td class=\"has-text-align-center\" data-align=\"center\">salle de l\u2019Amicale (1\u1d49\u02b3 )                                                           REPRISE LE 18 SEPTEMBRE 2024<br>TOUS NIVEAUX<br>PRET DE TAPIS<\/td><\/tr><tr><td><a href=\"https:\/\/amicalelaiquecasteljaloux.fr\/?page_id=1804\" data-type=\"page\" data-id=\"1804\">Yoga Atelier du rire<\/a><\/td><td><\/td><td>Mich\u00e8le&nbsp;<\/td><td class=\"has-text-align-center\" data-align=\"center\">2\u00e8me et 4\u00e8me jeudi du mois <br>de 14h 30 \u00e0 15h 30<\/td><td class=\"has-text-align-center\" data-align=\"center\">salle de l\u2019Amicale (1\u1d49\u02b3 )   <br>REPRISE LE 12 SEPTEMBRE 2024<\/td><\/tr><\/tbody><\/table><\/figure>\n<\/div>\n<\/div>\n\n\n\n<h2 class=\"wp-block-heading\" id=\"d-autres-evenements\">D&rsquo;autres \u00e9v\u00e8nements<\/h2>\n\n\n\n<p><br><br><strong>LES PROCHAINES ANIMATIONS<\/strong><br><\/p>\n\n\n\n<div class=\"wp-block-buttons is-layout-flex wp-block-buttons-is-layout-flex\">\n<div class=\"wp-block-button\"><a class=\"wp-block-button__link wp-element-button\" href=\"https:\/\/amicalelaiquecasteljaloux.fr\/?post_type=tribe_events\"> Calendrier des Ev\u00e8nements<\/a><\/div>\n<\/div>\n","protected":false},"excerpt":{"rendered":"<p>Rejoignez-nous ! 1ere s\u00e9ance sans engagement Sections Animatrices &amp; Animateurs \ud83d\ude0e Quand ?\ud83d\udcc6 Lieu &amp; Date de reprise\ud83c\udfe0 Anglais Nadine&nbsp;: d\u00e9butants et interm\u00e9diairesSarah&nbsp;: interm\u00e9diaires Sarah&nbsp;: confirm\u00e9sBernard&nbsp;: conversation lundi de 14h30-15h30 &hellip;<\/p>\n<p class=\"read-more\"> <a class=\"\" href=\"https:\/\/amicalelaiquecasteljaloux.fr\/?page_id=431\"> <span class=\"screen-reader-text\">Nos Activit\u00e9s<\/span> Lire la suite\u00a0\u00bb<\/a><\/p>\n","protected":false},"author":1,"featured_media":0,"parent":0,"menu_order":0,"comment_status":"closed","ping_status":"closed","template":"","meta":{"_uag_custom_page_level_css":"","site-sidebar-layout":"default","site-content-layout":"default","ast-main-header-display":"","ast-hfb-above-header-display":"","ast-hfb-below-header-display":"","ast-hfb-mobile-header-display":"","site-post-title":"","ast-breadcrumbs-content":"","ast-featured-img":"","footer-sml-layout":"","theme-transparent-header-meta":"","adv-header-id-meta":"","stick-header-meta":"","header-above-stick-meta":"","header-main-stick-meta":"","header-below-stick-meta":"","footnotes":""},"uagb_featured_image_src":{"full":false,"thumbnail":false,"medium":false,"medium_large":false,"large":false,"1536x1536":false,"2048x2048":false},"uagb_author_info":{"display_name":"admin5209","author_link":"https:\/\/amicalelaiquecasteljaloux.fr\/?author=1"},"uagb_comment_info":0,"uagb_excerpt":"Rejoignez-nous ! 1ere s\u00e9ance sans engagement Sections Animatrices &amp; Animateurs \ud83d\ude0e Quand ?\ud83d\udcc6 Lieu &amp; Date de reprise\ud83c\udfe0 Anglais Nadine&nbsp;: d\u00e9butants et interm\u00e9diairesSarah&nbsp;: interm\u00e9diaires Sarah&nbsp;: confirm\u00e9sBernard&nbsp;: conversation lundi de 14h30-15h30 &hellip; Nos Activit\u00e9s Lire la suite\u00a0\u00bb","_links":{"self":[{"href":"https:\/\/amicalelaiquecasteljaloux.fr\/index.php?rest_route=\/wp\/v2\/pages\/431"}],"collection":[{"href":"https:\/\/amicalelaiquecasteljaloux.fr\/index.php?rest_route=\/wp\/v2\/pages"}],"about":[{"href":"https:\/\/amicalelaiquecasteljaloux.fr\/index.php?rest_route=\/wp\/v2\/types\/page"}],"author":[{"embeddable":true,"href":"https:\/\/amicalelaiquecasteljaloux.fr\/index.php?rest_route=\/wp\/v2\/users\/1"}],"replies":[{"embeddable":true,"href":"https:\/\/amicalelaiquecasteljaloux.fr\/index.php?rest_route=%2Fwp%2Fv2%2Fcomments&post=431"}],"version-history":[{"count":106,"href":"https:\/\/amicalelaiquecasteljaloux.fr\/index.php?rest_route=\/wp\/v2\/pages\/431\/revisions"}],"predecessor-version":[{"id":2175,"href":"https:\/\/amicalelaiquecasteljaloux.fr\/index.php?rest_route=\/wp\/v2\/pages\/431\/revisions\/2175"}],"wp:attachment":[{"href":"https:\/\/amicalelaiquecasteljaloux.fr\/index.php?rest_route=%2Fwp%2Fv2%2Fmedia&parent=431"}],"curies":[{"name":"wp","href":"https:\/\/api.w.org\/{rel}","templated":true}]}}